{"id":188,"date":"2024-06-05T15:50:39","date_gmt":"2024-06-05T15:50:39","guid":{"rendered":"http:\/\/schulz-kunst.de\/?page_id=188"},"modified":"2024-06-18T17:34:46","modified_gmt":"2024-06-18T17:34:46","slug":"austellungen","status":"publish","type":"page","link":"https:\/\/schulz-kunst.de\/en\/austellungen\/","title":{"rendered":"Exhibitions"},"content":{"rendered":"<div data-elementor-type=\"wp-page\" data-elementor-id=\"188\" class=\"elementor elementor-188\" data-elementor-post-type=\"page\">\n\t\t\t\t<div class=\"elementor-element elementor-element-a8a29ea e-flex e-con-boxed e-con e-parent\" data-id=\"a8a29ea\" data-element_type=\"container\" data-e-type=\"container\">\n\t\t\t\t\t<div class=\"e-con-inner\">\n\t\t\t\t<div class=\"elementor-element elementor-element-17155d8 elementor-widget elementor-widget-heading\" data-id=\"17155d8\" data-element_type=\"widget\" data-e-type=\"widget\" data-widget_type=\"heading.default\">\n\t\t\t\t<div class=\"elementor-widget-container\">\n\t\t\t\t\t<h2 class=\"elementor-heading-title elementor-size-default\">EXHIBITIONS<\/h2>\t\t\t\t<\/div>\n\t\t\t\t<\/div>\n\t\t\t\t\t<\/div>\n\t\t\t\t<\/div>\n\t\t<div class=\"elementor-element elementor-element-ad9c3c3 e-flex e-con-boxed e-con e-parent\" data-id=\"ad9c3c3\" data-element_type=\"container\" data-e-type=\"container\">\n\t\t\t\t\t<div class=\"e-con-inner\">\n\t\t\t\t<div class=\"elementor-element elementor-element-3d92856 elementor-widget elementor-widget-text-editor\" data-id=\"3d92856\" data-element_type=\"widget\" data-e-type=\"widget\" data-widget_type=\"text-editor.default\">\n\t\t\t\t<div class=\"elementor-widget-container\">\n\t\t\t\t\t\t\t\t\t<p><strong>SINGEEXHIBITIONS<\/strong><\/p>\t\t\t\t\t\t\t\t<\/div>\n\t\t\t\t<\/div>\n\t\t\t\t<div class=\"elementor-element elementor-element-c68e149 elementor-widget elementor-widget-text-editor\" data-id=\"c68e149\" data-element_type=\"widget\" data-e-type=\"widget\" data-widget_type=\"text-editor.default\">\n\t\t\t\t<div class=\"elementor-widget-container\">\n\t\t\t\t\t\t\t\t\t<table>\n<tbody>\n<tr>\n<th style=\"width:70px\">1992<\/th>\n<th>Exhibition at the Bayreuth Royal Court Hotel during the festival season\u2028<\/th>\n<\/tr>\n<tr>\n<th>1992<\/th>\n<th>Siemens, Bayreuth\u2028<\/th>\n<\/tr>\n<tr>\n<th>1994<\/th>\n<th>Art and culture for the respect of co-creation, Kuckuksei Heinersreuth<\/th>\n<\/tr>\n<tr>\n<th>1995<\/th>\n<th>Gallery Zoom, Bad T\u00f6lz<\/th>\n<\/tr>\n<tr>\n<th>1995<\/th>\n<th>Gallery Pitura in the Esplanade Hotel, Berlin<\/th>\n<\/tr>\n<tr>\n<th>1996<\/th>\n<th>Taxi Association, Berlin<\/th>\n<\/tr>\n<tr>\n<th>1998<\/th>\n<th>Gallery Pillango Berlin<\/th>\n<\/tr>\n<tr>\n<th>2000<\/th>\n<th>Gallery i - Kuh, Bayreuth<\/th>\n<\/tr>\n<tr>\n<th>2008<\/th>\n<th>Gallery Ph\u00f6nix, Bayreuth<\/th>\n<\/tr>\n<tr>\n<th>2017<\/th>\n<th>\"Bayreuth Facades\", Max 6<\/th>\n<\/tr>\n<\/tbody>\n<\/table>\t\t\t\t\t\t\t\t<\/div>\n\t\t\t\t<\/div>\n\t\t\t\t<div class=\"elementor-element elementor-element-ff2766f elementor-widget elementor-widget-spacer\" data-id=\"ff2766f\" data-element_type=\"widget\" data-e-type=\"widget\" data-widget_type=\"spacer.default\">\n\t\t\t\t<div class=\"elementor-widget-container\">\n\t\t\t\t\t\t\t<div class=\"elementor-spacer\">\n\t\t\t<div class=\"elementor-spacer-inner\"><\/div>\n\t\t<\/div>\n\t\t\t\t\t\t<\/div>\n\t\t\t\t<\/div>\n\t\t\t\t<div class=\"elementor-element elementor-element-a7fdbdf elementor-widget elementor-widget-text-editor\" data-id=\"a7fdbdf\" data-element_type=\"widget\" data-e-type=\"widget\" data-widget_type=\"text-editor.default\">\n\t\t\t\t<div class=\"elementor-widget-container\">\n\t\t\t\t\t\t\t\t\t<p><strong>GROUPEXHIBITIONS<\/strong><\/p>\t\t\t\t\t\t\t\t<\/div>\n\t\t\t\t<\/div>\n\t\t\t\t<div class=\"elementor-element elementor-element-97ff2fb elementor-widget elementor-widget-text-editor\" data-id=\"97ff2fb\" data-element_type=\"widget\" data-e-type=\"widget\" data-widget_type=\"text-editor.default\">\n\t\t\t\t<div class=\"elementor-widget-container\">\n\t\t\t\t\t\t\t\t\t<table>\n<tbody>\n<tr>\n<th style=\"width:70px\">1996<\/th>\n<th>Hollfeld Art Exhibition 1996<\/th>\n<\/tr>\n<tr>\n<th>1997<\/th>\n<th>Hollfeld Art Exhibition 1997<\/th>\n<\/tr>\n<tr>\n<th>1997<\/th>\n<th>15th Weidenberg Art Exhibition<\/th>\n<\/tr>\n<tr>\n<th>2001<\/th>\n<th>Annual exhibition Galerie Bahnhof Weidenberg\u2028<\/th>\n<\/tr>\n<tr>\n<th>2013<\/th>\n<th>Broadway Gallery \/ New York<\/th>\n<\/tr>\n<tr>\n<th>2013<\/th>\n<th>Participation in the \"Kult\u00fcren 2013\", Munich<\/th>\n<\/tr>\n<tr>\n<th>2013<\/th>\n<th>Gallery Arthaus Neuhausen, Munich\u2028<\/th>\n<\/tr>\n<tr>\n<th>2017<\/th>\n<th>Gallery at the Maxmonument, Munich\u2028<\/th>\n<\/tr>\n<tr>\n<th>2017<\/th>\n<th>Hoftexplosion 3rd Hof Art Festival\u2028<\/th>\n<\/tr>\n<\/tbody>\n<\/table>\t\t\t\t\t\t\t\t<\/div>\n\t\t\t\t<\/div>\n\t\t\t\t<div class=\"elementor-element elementor-element-d8f738d elementor-widget elementor-widget-spacer\" data-id=\"d8f738d\" data-element_type=\"widget\" data-e-type=\"widget\" data-widget_type=\"spacer.default\">\n\t\t\t\t<div class=\"elementor-widget-container\">\n\t\t\t\t\t\t\t<div class=\"elementor-spacer\">\n\t\t\t<div class=\"elementor-spacer-inner\"><\/div>\n\t\t<\/div>\n\t\t\t\t\t\t<\/div>\n\t\t\t\t<\/div>\n\t\t\t\t<div class=\"elementor-element elementor-element-83f2b2b elementor-widget elementor-widget-text-editor\" data-id=\"83f2b2b\" data-element_type=\"widget\" data-e-type=\"widget\" data-widget_type=\"text-editor.default\">\n\t\t\t\t<div class=\"elementor-widget-container\">\n\t\t\t\t\t\t\t\t\t<p><strong>REPRESENTED IN GALERIES<\/strong><\/p>\t\t\t\t\t\t\t\t<\/div>\n\t\t\t\t<\/div>\n\t\t\t\t<div class=\"elementor-element elementor-element-588fc00 elementor-widget elementor-widget-text-editor\" data-id=\"588fc00\" data-element_type=\"widget\" data-e-type=\"widget\" data-widget_type=\"text-editor.default\">\n\t\t\t\t<div class=\"elementor-widget-container\">\n\t\t\t\t\t\t\t\t\t<table>\n<tbody>\n<tr>\n<th style=\"width:70px\">1994<\/th>\n<th>Tatem &amp; Clark Gallery, Ft. Lauderdale, Florida<\/th>\n<\/tr>\n<tr>\n<th style=\"width:70px\">1997-99<\/th>\n<th>Gallery Sergei Popov, Berlin<\/th>\n<\/tr>\n<tr>\n<th style=\"width:70px\">2000-01<\/th>\n<th>Gallery Kaspari, Nuremberg\u2028<\/th>\n<\/tr>\n<\/tbody>\n<\/table>\t\t\t\t\t\t\t\t<\/div>\n\t\t\t\t<\/div>\n\t\t\t\t\t<\/div>\n\t\t\t\t<\/div>\n\t\t\t\t<\/div>","protected":false},"excerpt":{"rendered":"<p>Ausstellungen EINZELAUSSTELLUNGEN 1992 Ausstellung zur Festspielzeit im K\u00f6nigshof Bayreuth 1992 Fa. Siemens, Bayreuth 1994 Kunst und Kultur f\u00fcr die Achtung der Mitgesch\u00f6pflichkeit, Kuckuksei Heinersreuth 1995 Galerie Zoom, Bad T\u00f6lz 1995 Galerie Pitura im Esplanade Hotel, Berlin 1996 Taxi Verband Berlin 1998 Galerie Pillango Berlin 2000 Galerie i &#8211; Kuh, Bayreuth 2008 Galerie Ph\u00f6nix, Bayreuth 2017 [&hellip;]<\/p>\n","protected":false},"author":1,"featured_media":0,"parent":0,"menu_order":0,"comment_status":"closed","ping_status":"closed","template":"","meta":{"footnotes":""},"class_list":["post-188","page","type-page","status-publish","hentry"],"_links":{"self":[{"href":"https:\/\/schulz-kunst.de\/en\/wp-json\/wp\/v2\/pages\/188","targetHints":{"allow":["GET"]}}],"collection":[{"href":"https:\/\/schulz-kunst.de\/en\/wp-json\/wp\/v2\/pages"}],"about":[{"href":"https:\/\/schulz-kunst.de\/en\/wp-json\/wp\/v2\/types\/page"}],"author":[{"embeddable":true,"href":"https:\/\/schulz-kunst.de\/en\/wp-json\/wp\/v2\/users\/1"}],"replies":[{"embeddable":true,"href":"https:\/\/schulz-kunst.de\/en\/wp-json\/wp\/v2\/comments?post=188"}],"version-history":[{"count":56,"href":"https:\/\/schulz-kunst.de\/en\/wp-json\/wp\/v2\/pages\/188\/revisions"}],"predecessor-version":[{"id":1092,"href":"https:\/\/schulz-kunst.de\/en\/wp-json\/wp\/v2\/pages\/188\/revisions\/1092"}],"wp:attachment":[{"href":"https:\/\/schulz-kunst.de\/en\/wp-json\/wp\/v2\/media?parent=188"}],"curies":[{"name":"wp","href":"https:\/\/api.w.org\/{rel}","templated":true}]}}