{"id":176,"date":"2024-06-05T15:44:29","date_gmt":"2024-06-05T15:44:29","guid":{"rendered":"http:\/\/schulz-kunst.de\/?page_id=176"},"modified":"2026-03-14T09:07:11","modified_gmt":"2026-03-14T09:07:11","slug":"vita","status":"publish","type":"page","link":"https:\/\/schulz-kunst.de\/en\/vita\/","title":{"rendered":"Vita"},"content":{"rendered":"<h2>VITA<\/h2>\n<p>\t\t\t\t\t\t\t\t\t\t\t\t\t<img fetchpriority=\"high\" decoding=\"async\" width=\"669\" height=\"1024\" src=\"https:\/\/schulz-kunst.de\/wp-content\/uploads\/2024\/10\/162A0847.done_-669x1024.jpg\" alt=\"\" srcset=\"https:\/\/schulz-kunst.de\/wp-content\/uploads\/2024\/10\/162A0847.done_-669x1024.jpg 669w, https:\/\/schulz-kunst.de\/wp-content\/uploads\/2024\/10\/162A0847.done_-196x300.jpg 196w, https:\/\/schulz-kunst.de\/wp-content\/uploads\/2024\/10\/162A0847.done_-768x1176.jpg 768w, https:\/\/schulz-kunst.de\/wp-content\/uploads\/2024\/10\/162A0847.done_-1003x1536.jpg 1003w, https:\/\/schulz-kunst.de\/wp-content\/uploads\/2024\/10\/162A0847.done_-1338x2048.jpg 1338w, https:\/\/schulz-kunst.de\/wp-content\/uploads\/2024\/10\/162A0847.done_-8x12.jpg 8w, https:\/\/schulz-kunst.de\/wp-content\/uploads\/2024\/10\/162A0847.done_-scaled.jpg 1672w\" sizes=\"(max-width: 669px) 100vw, 669px\" \/>\t\t\t\t\t\t\t\t\t\t\t\t\t<\/p>\n<p><strong>Sabine Schulz<\/strong><\/p>\n<ul>\n<li>\n\t\t\t\t\t\t\t<svg aria-hidden=\"true\" viewbox=\"0 0 512 512\" xmlns=\"http:\/\/www.w3.org\/2000\/svg\"><path d=\"M256 8C119 8 8 119 8 256s111 248 248 248 248-111 248-248S393 8 256 8z\"><\/path><\/svg><br \/>\n\t\t\t\t\t\t\t\t\t\t1965 born in the south of Germany\u2028\n\t\t\t\t\t\t\t\t\t<\/li>\n<li>\n\t\t\t\t\t\t\t<svg aria-hidden=\"true\" viewbox=\"0 0 512 512\" xmlns=\"http:\/\/www.w3.org\/2000\/svg\"><path d=\"M256 8C119 8 8 119 8 256s111 248 248 248 248-111 248-248S393 8 256 8z\"><\/path><\/svg><br \/>\n\t\t\t\t\t\t\t\t\t\tgrew up in Germany and Holland\n\t\t\t\t\t\t\t\t\t<\/li>\n<li>\n\t\t\t\t\t\t\t<svg aria-hidden=\"true\" viewbox=\"0 0 512 512\" xmlns=\"http:\/\/www.w3.org\/2000\/svg\"><path d=\"M256 8C119 8 8 119 8 256s111 248 248 248 248-111 248-248S393 8 256 8z\"><\/path><\/svg><br \/>\n\t\t\t\t\t\t\t\t\t\tfreelance work in advertising agencies\n\t\t\t\t\t\t\t\t\t<\/li>\n<li>\n\t\t\t\t\t\t\t<svg aria-hidden=\"true\" viewbox=\"0 0 512 512\" xmlns=\"http:\/\/www.w3.org\/2000\/svg\"><path d=\"M256 8C119 8 8 119 8 256s111 248 248 248 248-111 248-248S393 8 256 8z\"><\/path><\/svg><br \/>\n\t\t\t\t\t\t\t\t\t\tFebruary 1992 -1999 \"Neue Galerie Schulz\", \nproducer gallery in the pedestrian zone of Bayreuth\n\t\t\t\t\t\t\t\t\t<\/li>\n<li>\n\t\t\t\t\t\t\t<svg aria-hidden=\"true\" viewbox=\"0 0 512 512\" xmlns=\"http:\/\/www.w3.org\/2000\/svg\"><path d=\"M256 8C119 8 8 119 8 256s111 248 248 248 248-111 248-248S393 8 256 8z\"><\/path><\/svg><br \/>\n\t\t\t\t\t\t\t\t\t\tcreating art, working in the studio in Bayreuth and Munich.\n\t\t\t\t\t\t\t\t\t<\/li>\n<\/ul>\n<p>Meine abstraken Werke entstehen schnell und explosiv, aus einer unb\u00e4ndigen inneren Kraft sch\u00f6pfend. Farben treiben mich an und f\u00fcgen sich wie von selbst zueinander zu wuchtigen Werken. An Stelle von Denken tritt F\u00fchlen und Sein, jenseits aller Muster.<\/p>","protected":false},"excerpt":{"rendered":"<p>VITA Sabine Schulz 1965 im Allg\u00e4u geboren in Bayern und Holland aufgewachsen freie Mitarbeit in Werbeagenturen Februar 1992 -1999 \u201cNeue Galerie Schulz\u201c, Produzentengalerie in der Fu\u00dfg\u00e4ngerzone Bayreuth Kunst schaffend im Atelier in Bayreuth und M\u00fcnchen Meine abstraken Werke entstehen schnell und explosiv, aus einer unb\u00e4ndigen inneren Kraft sch\u00f6pfend. Farben treiben mich an und f\u00fcgen sich [&hellip;]<\/p>\n","protected":false},"author":1,"featured_media":0,"parent":0,"menu_order":0,"comment_status":"closed","ping_status":"closed","template":"","meta":{"footnotes":""},"class_list":["post-176","page","type-page","status-publish","hentry"],"_links":{"self":[{"href":"https:\/\/schulz-kunst.de\/en\/wp-json\/wp\/v2\/pages\/176","targetHints":{"allow":["GET"]}}],"collection":[{"href":"https:\/\/schulz-kunst.de\/en\/wp-json\/wp\/v2\/pages"}],"about":[{"href":"https:\/\/schulz-kunst.de\/en\/wp-json\/wp\/v2\/types\/page"}],"author":[{"embeddable":true,"href":"https:\/\/schulz-kunst.de\/en\/wp-json\/wp\/v2\/users\/1"}],"replies":[{"embeddable":true,"href":"https:\/\/schulz-kunst.de\/en\/wp-json\/wp\/v2\/comments?post=176"}],"version-history":[{"count":28,"href":"https:\/\/schulz-kunst.de\/en\/wp-json\/wp\/v2\/pages\/176\/revisions"}],"predecessor-version":[{"id":694,"href":"https:\/\/schulz-kunst.de\/en\/wp-json\/wp\/v2\/pages\/176\/revisions\/694"}],"wp:attachment":[{"href":"https:\/\/schulz-kunst.de\/en\/wp-json\/wp\/v2\/media?parent=176"}],"curies":[{"name":"wp","href":"https:\/\/api.w.org\/{rel}","templated":true}]}}